{"id":23,"date":"2021-11-02T05:53:24","date_gmt":"2021-11-02T05:53:24","guid":{"rendered":"https:\/\/wpocean.com\/wp\/plumco\/?page_id=23"},"modified":"2025-03-19T03:53:48","modified_gmt":"2025-03-19T03:53:48","slug":"projects","status":"publish","type":"page","link":"https:\/\/igsink.com\/fr\/projects\/","title":{"rendered":"Projets"},"content":{"rendered":"<div data-elementor-type=\"wp-page\" data-elementor-id=\"23\" class=\"elementor elementor-23\" data-elementor-post-type=\"page\">\n\t\t\t\t\t\t<section class=\"elementor-section elementor-top-section elementor-element elementor-element-0d9df9c elementor-section-full_width elementor-section-height-default elementor-section-height-default\" data-id=\"0d9df9c\" data-element_type=\"section\">\n\t\t\t\t\t\t<div class=\"elementor-container elementor-column-gap-no\">\n\t\t\t\t\t<div class=\"elementor-column elementor-col-100 elementor-top-column elementor-element elementor-element-7f367fc\" data-id=\"7f367fc\" data-element_type=\"column\">\n\t\t\t<div class=\"elementor-widget-wrap elementor-element-populated\">\n\t\t\t\t\t\t<div class=\"elementor-element elementor-element-9a40332 elementor-widget elementor-widget-wpo-plumco_case\" data-id=\"9a40332\" data-element_type=\"widget\" data-widget_type=\"wpo-plumco_case.default\">\n\t\t\t\t<div class=\"elementor-widget-container\">\n\t\t\t\t\t\t\t\t<div class=\"wpo-projects\">\n\t\t\t\t<div class=\"container\">\n\t\t\t\t\t<div class=\"row\">\n\t\t\t\t\t\t<div class=\"col col-xs-12 sortable-gallery\">\n\t\t\t\t\t\t\t<div class=\"gallery-filters projects-menu\">\n\t\t\t\t\t\t\t\t\t\t\t\t\t\t\t\t\t<ul>\n\t\t\t\t\t\t\t\t\t\t<li><a data-filter=\"*\" href=\"#\" class=\"current\">Tous les projets<\/a><\/li>\n\t\t\t\t\t\t\t\t\t\t\t\t\t\t\t\t\t\t\t\t\t<li><a data-filter=\".thermal-solutions\" href=\"#\">Solutions thermiques<\/a><\/li>\n\t\t\t\t\t\t\t\t\t\t\t\t\t\t\t\t\t\t\t<\/ul>\n\t\t\t\t\t\t\t\t\t\t\t\t\t\t\t<\/div>\n\t\t\t\t\t\t\t<div class=\"projects-grids gallery-container clearfix\">\n\t\t\t\t\t\t\t\t\t\t\t\t\t\t\t\t\t<div class=\"grid\">\n\t\t\t\t\t\t\t\t\t\t<div class=\"project-inner\">\n\t\t\t\t\t\t\t\t\t\t\t<div class=\"img-holder\">\n\t\t\t\t\t\t\t\t\t\t\t\t<img decoding=\"async\" src=\"https:\/\/igsink.com\/wp-content\/uploads\/2021\/11\/New-energy-vehicle-battery-heat-sink.jpeg\" alt=\"A\u00e9rateur de batterie de v\u00e9hicule \u00e9lectrique\">\t\t\t\t\t\t\t\t\t\t\t<\/div>\n\t\t\t\t\t\t\t\t\t\t\t<div class=\"hover-content\">\n\t\t\t\t\t\t\t\t\t\t\t\t<div class=\"details\">\n\t\t\t\t\t\t\t\t\t\t\t\t\t<h3>\n\t\t\t\t\t\t\t            \t\t<a href=\"https:\/\/igsink.com\/fr\/solution\/new-energy-vehicle-battery-heat-sink\/\">A\u00e9rateur de batterie de v\u00e9hicule \u00e9lectrique<\/a><\/h3>\t\t\t\t\t\t\t\t\t\t\t\t<\/div>\n\t\t\t\t\t\t\t\t\t\t\t<\/div>\n\t\t\t\t\t\t\t\t\t\t<\/div>\n\t\t\t\t\t\t\t\t\t<\/div>\n\t\t\t\t\t\t\t\t\t\t\t\t\t\t\t\t\t<div class=\"grid thermal-solutions\">\n\t\t\t\t\t\t\t\t\t\t<div class=\"project-inner\">\n\t\t\t\t\t\t\t\t\t\t\t<div class=\"img-holder\">\n\t\t\t\t\t\t\t\t\t\t\t\t<img decoding=\"async\" src=\"https:\/\/igsink.com\/wp-content\/uploads\/2025\/05\/CPU-heat-sink-2.jpg\" alt=\"\">\t\t\t\t\t\t\t\t\t\t\t<\/div>\n\t\t\t\t\t\t\t\t\t\t\t<div class=\"hover-content\">\n\t\t\t\t\t\t\t\t\t\t\t\t<div class=\"details\">\n\t\t\t\t\t\t\t\t\t\t\t\t\t<h3>\n\t\t\t\t\t\t\t            \t\t<a href=\"https:\/\/igsink.com\/fr\/solution\/cpu-heat-sink\/\">A\u00e9rateur de CPU<\/a><\/h3>\t\t\t\t\t\t\t\t\t\t\t\t<\/div>\n\t\t\t\t\t\t\t\t\t\t\t<\/div>\n\t\t\t\t\t\t\t\t\t\t<\/div>\n\t\t\t\t\t\t\t\t\t<\/div>\n\t\t\t\t\t\t\t\t\t\t\t\t\t\t\t\t\t<div class=\"grid thermal-solutions\">\n\t\t\t\t\t\t\t\t\t\t<div class=\"project-inner\">\n\t\t\t\t\t\t\t\t\t\t\t<div class=\"img-holder\">\n\t\t\t\t\t\t\t\t\t\t\t\t<img decoding=\"async\" src=\"https:\/\/igsink.com\/wp-content\/uploads\/2025\/06\/PCheatsink.webp\" alt=\"\">\t\t\t\t\t\t\t\t\t\t\t<\/div>\n\t\t\t\t\t\t\t\t\t\t\t<div class=\"hover-content\">\n\t\t\t\t\t\t\t\t\t\t\t\t<div class=\"details\">\n\t\t\t\t\t\t\t\t\t\t\t\t\t<h3>\n\t\t\t\t\t\t\t            \t\t<a href=\"https:\/\/igsink.com\/fr\/solution\/pc-heat-sink\/\">A\u00e9rateur PC<\/a><\/h3>\t\t\t\t\t\t\t\t\t\t\t\t<\/div>\n\t\t\t\t\t\t\t\t\t\t\t<\/div>\n\t\t\t\t\t\t\t\t\t\t<\/div>\n\t\t\t\t\t\t\t\t\t<\/div>\n\t\t\t\t\t\t\t\t\t\t\t\t\t\t\t<\/div>\n\t\t\t\t\t\t<\/div>\n\t\t\t\t\t<\/div>\n\t\t\t\t<\/div> <!-- end container -->\n\t\t\t<\/div>\n\t\t\t\t<\/div>\n\t\t\t\t<\/div>\n\t\t\t\t\t<\/div>\n\t\t<\/div>\n\t\t\t\t\t<\/div>\n\t\t<\/section>\n\t\t\t\t<\/div>","protected":false},"excerpt":{"rendered":"Tous les projets Salle de bain Gicleur de gaz Cuisine Ligne d'eau Ligne d'eau R\u00e9paration de plomberie Cuisine Plomberie R\u00e9novation de plomberie Service de plomberie R\u00e9paration de ligne d'eau Cuisine Plomberie Plomberie Gicleur de gaz Services de plomberie Plomberie Sous-sol Plomberie Plomberie Sous-sol Plomberie R\u00e9novation de plomberie Service de plomberie","protected":false},"author":1,"featured_media":0,"parent":0,"menu_order":0,"comment_status":"closed","ping_status":"closed","template":"elementor_header_footer","meta":{"editor_plus_copied_stylings":"{}","footnotes":""},"class_list":["post-23","page","type-page","status-publish","hentry"],"yoast_head":"<!-- This site is optimized with the Yoast SEO plugin v24.8.1 - https:\/\/yoast.com\/wordpress\/plugins\/seo\/ -->\n<title>Projects - IGSINK<\/title>\n<meta name=\"robots\" content=\"index, follow, max-snippet:-1, max-image-preview:large, max-video-preview:-1\" \/>\n<link rel=\"canonical\" href=\"https:\/\/igsink.com\/fr\/projects\/\" \/>\n<meta property=\"og:locale\" content=\"fr_FR\" \/>\n<meta property=\"og:type\" content=\"article\" \/>\n<meta property=\"og:title\" content=\"Projects - IGSINK\" \/>\n<meta property=\"og:description\" content=\"All Project Bathroom Gas Line Kitchen Water Line Water Line Repair Plumbing Kitchen Plumbing Plumbing Remodeling Service Plumbing Water Line Repair Plumbing Kitchen Plumbing Plumbing Gas Line Services Plumbing Basement Plumbing Plumbing Basement Plumbing Plumbing Remodeling Service Plumbing\" \/>\n<meta property=\"og:url\" content=\"https:\/\/igsink.com\/fr\/projects\/\" \/>\n<meta property=\"og:site_name\" content=\"IGSINK\" \/>\n<meta property=\"article:modified_time\" content=\"2025-03-19T03:53:48+00:00\" \/>\n<meta property=\"og:image\" content=\"http:\/\/igsink.com\/wp-content\/uploads\/2021\/11\/project-1.jpg\" \/>\n<meta name=\"twitter:card\" content=\"summary_large_image\" \/>\n<script type=\"application\/ld+json\" class=\"yoast-schema-graph\">{\"@context\":\"https:\/\/schema.org\",\"@graph\":[{\"@type\":\"WebPage\",\"@id\":\"https:\/\/igsink.com\/projects\/\",\"url\":\"https:\/\/igsink.com\/projects\/\",\"name\":\"Projects - IGSINK\",\"isPartOf\":{\"@id\":\"https:\/\/www.igsink.com\/#website\"},\"primaryImageOfPage\":{\"@id\":\"https:\/\/igsink.com\/projects\/#primaryimage\"},\"image\":{\"@id\":\"https:\/\/igsink.com\/projects\/#primaryimage\"},\"thumbnailUrl\":\"http:\/\/igsink.com\/wp-content\/uploads\/2021\/11\/project-1.jpg\",\"datePublished\":\"2021-11-02T05:53:24+00:00\",\"dateModified\":\"2025-03-19T03:53:48+00:00\",\"breadcrumb\":{\"@id\":\"https:\/\/igsink.com\/projects\/#breadcrumb\"},\"inLanguage\":\"fr-FR\",\"potentialAction\":[{\"@type\":\"ReadAction\",\"target\":[\"https:\/\/igsink.com\/projects\/\"]}]},{\"@type\":\"ImageObject\",\"inLanguage\":\"fr-FR\",\"@id\":\"https:\/\/igsink.com\/projects\/#primaryimage\",\"url\":\"http:\/\/igsink.com\/wp-content\/uploads\/2021\/11\/project-1.jpg\",\"contentUrl\":\"http:\/\/igsink.com\/wp-content\/uploads\/2021\/11\/project-1.jpg\"},{\"@type\":\"BreadcrumbList\",\"@id\":\"https:\/\/igsink.com\/projects\/#breadcrumb\",\"itemListElement\":[{\"@type\":\"ListItem\",\"position\":1,\"name\":\"Home\",\"item\":\"https:\/\/igsink.com\/\"},{\"@type\":\"ListItem\",\"position\":2,\"name\":\"Projects\"}]},{\"@type\":\"WebSite\",\"@id\":\"https:\/\/www.igsink.com\/#website\",\"url\":\"https:\/\/www.igsink.com\/\",\"name\":\"IGSINK\",\"description\":\"\",\"potentialAction\":[{\"@type\":\"SearchAction\",\"target\":{\"@type\":\"EntryPoint\",\"urlTemplate\":\"https:\/\/www.igsink.com\/?s={search_term_string}\"},\"query-input\":{\"@type\":\"PropertyValueSpecification\",\"valueRequired\":true,\"valueName\":\"search_term_string\"}}],\"inLanguage\":\"fr-FR\"}]}<\/script>\n<!-- \/ Yoast SEO plugin. -->","yoast_head_json":{"title":"Projects - IGSINK","robots":{"index":"index","follow":"follow","max-snippet":"max-snippet:-1","max-image-preview":"max-image-preview:large","max-video-preview":"max-video-preview:-1"},"canonical":"https:\/\/igsink.com\/fr\/projects\/","og_locale":"fr_FR","og_type":"article","og_title":"Projects - IGSINK","og_description":"All Project Bathroom Gas Line Kitchen Water Line Water Line Repair Plumbing Kitchen Plumbing Plumbing Remodeling Service Plumbing Water Line Repair Plumbing Kitchen Plumbing Plumbing Gas Line Services Plumbing Basement Plumbing Plumbing Basement Plumbing Plumbing Remodeling Service Plumbing","og_url":"https:\/\/igsink.com\/fr\/projects\/","og_site_name":"IGSINK","article_modified_time":"2025-03-19T03:53:48+00:00","og_image":[{"url":"http:\/\/igsink.com\/wp-content\/uploads\/2021\/11\/project-1.jpg","type":"","width":"","height":""}],"twitter_card":"summary_large_image","schema":{"@context":"https:\/\/schema.org","@graph":[{"@type":"WebPage","@id":"https:\/\/igsink.com\/projects\/","url":"https:\/\/igsink.com\/projects\/","name":"Projects - IGSINK","isPartOf":{"@id":"https:\/\/www.igsink.com\/#website"},"primaryImageOfPage":{"@id":"https:\/\/igsink.com\/projects\/#primaryimage"},"image":{"@id":"https:\/\/igsink.com\/projects\/#primaryimage"},"thumbnailUrl":"http:\/\/igsink.com\/wp-content\/uploads\/2021\/11\/project-1.jpg","datePublished":"2021-11-02T05:53:24+00:00","dateModified":"2025-03-19T03:53:48+00:00","breadcrumb":{"@id":"https:\/\/igsink.com\/projects\/#breadcrumb"},"inLanguage":"fr-FR","potentialAction":[{"@type":"ReadAction","target":["https:\/\/igsink.com\/projects\/"]}]},{"@type":"ImageObject","inLanguage":"fr-FR","@id":"https:\/\/igsink.com\/projects\/#primaryimage","url":"http:\/\/igsink.com\/wp-content\/uploads\/2021\/11\/project-1.jpg","contentUrl":"http:\/\/igsink.com\/wp-content\/uploads\/2021\/11\/project-1.jpg"},{"@type":"BreadcrumbList","@id":"https:\/\/igsink.com\/projects\/#breadcrumb","itemListElement":[{"@type":"ListItem","position":1,"name":"Home","item":"https:\/\/igsink.com\/"},{"@type":"ListItem","position":2,"name":"Projects"}]},{"@type":"WebSite","@id":"https:\/\/www.igsink.com\/#website","url":"https:\/\/www.igsink.com\/","name":"IGSINK","description":"","potentialAction":[{"@type":"SearchAction","target":{"@type":"EntryPoint","urlTemplate":"https:\/\/www.igsink.com\/?s={search_term_string}"},"query-input":{"@type":"PropertyValueSpecification","valueRequired":true,"valueName":"search_term_string"}}],"inLanguage":"fr-FR"}]}},"_links":{"self":[{"href":"https:\/\/igsink.com\/fr\/wp-json\/wp\/v2\/pages\/23","targetHints":{"allow":["GET"]}}],"collection":[{"href":"https:\/\/igsink.com\/fr\/wp-json\/wp\/v2\/pages"}],"about":[{"href":"https:\/\/igsink.com\/fr\/wp-json\/wp\/v2\/types\/page"}],"author":[{"embeddable":true,"href":"https:\/\/igsink.com\/fr\/wp-json\/wp\/v2\/users\/1"}],"replies":[{"embeddable":true,"href":"https:\/\/igsink.com\/fr\/wp-json\/wp\/v2\/comments?post=23"}],"version-history":[{"count":1,"href":"https:\/\/igsink.com\/fr\/wp-json\/wp\/v2\/pages\/23\/revisions"}],"predecessor-version":[{"id":769,"href":"https:\/\/igsink.com\/fr\/wp-json\/wp\/v2\/pages\/23\/revisions\/769"}],"wp:attachment":[{"href":"https:\/\/igsink.com\/fr\/wp-json\/wp\/v2\/media?parent=23"}],"curies":[{"name":"wp","href":"https:\/\/api.w.org\/{rel}","templated":true}]}}